{"id":2601,"date":"2022-10-19T13:39:22","date_gmt":"2022-10-19T11:39:22","guid":{"rendered":"http:\/\/golfclub.sommerrodeln.eu\/?page_id=2601"},"modified":"2023-01-03T15:30:41","modified_gmt":"2023-01-03T13:30:41","slug":"platzregeln","status":"publish","type":"page","link":"https:\/\/golf-oberstaufen.de\/en\/golfanlage\/platzregeln\/","title":{"rendered":"Platzregeln"},"content":{"rendered":"<div data-elementor-type=\"wp-post\" data-elementor-id=\"2601\" class=\"elementor elementor-2601\" data-elementor-post-type=\"page\">\n\t\t\t\t\t\t<section class=\"elementor-section elementor-top-section elementor-element elementor-element-bac7c91 elementor-section-height-min-height elementor-section-boxed elementor-section-height-default elementor-section-items-middle\" data-id=\"bac7c91\" data-element_type=\"section\" data-e-type=\"section\" data-settings=\"{&quot;background_background&quot;:&quot;classic&quot;}\">\n\t\t\t\t\t\t\t<div class=\"elementor-background-overlay\"><\/div>\n\t\t\t\t\t\t\t<div class=\"elementor-container elementor-column-gap-default\">\n\t\t\t\t\t<div class=\"elementor-column elementor-col-100 elementor-top-column elementor-element elementor-element-eb7ea8a\" data-id=\"eb7ea8a\" data-element_type=\"column\" data-e-type=\"column\">\n\t\t\t<div class=\"elementor-widget-wrap\">\n\t\t\t\t\t\t\t<\/div>\n\t\t<\/div>\n\t\t\t\t\t<\/div>\n\t\t<\/section>\n\t\t\t\t<section class=\"elementor-section elementor-top-section elementor-element elementor-element-c95ca47 elementor-section-boxed elementor-section-height-default elementor-section-height-default\" data-id=\"c95ca47\" data-element_type=\"section\" data-e-type=\"section\">\n\t\t\t\t\t\t<div class=\"elementor-container elementor-column-gap-default\">\n\t\t\t\t\t<div class=\"elementor-column elementor-col-100 elementor-top-column elementor-element elementor-element-5d0a578\" data-id=\"5d0a578\" data-element_type=\"column\" data-e-type=\"column\">\n\t\t\t<div class=\"elementor-widget-wrap elementor-element-populated\">\n\t\t\t\t\t\t<div class=\"elementor-element elementor-element-a47c5da elementor-widget elementor-widget-heading\" data-id=\"a47c5da\" data-element_type=\"widget\" data-e-type=\"widget\" data-widget_type=\"heading.default\">\n\t\t\t\t<div class=\"elementor-widget-container\">\n\t\t\t\t\t<h2 class=\"elementor-heading-title elementor-size-default\">Platzregeln<\/h2>\t\t\t\t<\/div>\n\t\t\t\t<\/div>\n\t\t\t\t<div class=\"elementor-element elementor-element-f3a6e62 elementor-widget-divider--view-line elementor-widget elementor-widget-divider\" data-id=\"f3a6e62\" data-element_type=\"widget\" data-e-type=\"widget\" data-widget_type=\"divider.default\">\n\t\t\t\t<div class=\"elementor-widget-container\">\n\t\t\t\t\t\t\t<div class=\"elementor-divider\">\n\t\t\t<span class=\"elementor-divider-separator\">\n\t\t\t\t\t\t<\/span>\n\t\t<\/div>\n\t\t\t\t\t\t<\/div>\n\t\t\t\t<\/div>\n\t\t\t\t\t<\/div>\n\t\t<\/div>\n\t\t\t\t\t<\/div>\n\t\t<\/section>\n\t\t\t\t<section class=\"elementor-section elementor-top-section elementor-element elementor-element-cf8ec96 elementor-section-boxed elementor-section-height-default elementor-section-height-default\" data-id=\"cf8ec96\" data-element_type=\"section\" data-e-type=\"section\">\n\t\t\t\t\t\t<div class=\"elementor-container elementor-column-gap-default\">\n\t\t\t\t\t<div class=\"elementor-column elementor-col-100 elementor-top-column elementor-element elementor-element-4ba75fd\" data-id=\"4ba75fd\" data-element_type=\"column\" data-e-type=\"column\">\n\t\t\t<div class=\"elementor-widget-wrap elementor-element-populated\">\n\t\t\t\t\t\t<div class=\"elementor-element elementor-element-8de637f elementor-widget elementor-widget-text-editor\" data-id=\"8de637f\" data-element_type=\"widget\" data-e-type=\"widget\" data-widget_type=\"text-editor.default\">\n\t\t\t\t<div class=\"elementor-widget-container\">\n\t\t\t\t\t\t\t\t\t<p><strong>1.Wei\u00dfe Pfosten AUS (Regel 2.1.)<br \/><\/strong><strong style=\"font-size: 16px;\">Rote Pfosten mit gr\u00fcnem Top Biotop (Regel 2.4) seitliche Wasserhindernisse<br \/><\/strong><strong style=\"font-size: 16px;\">Gelbe Pfosten frontale Wasserhindernisse (Regel 2.2)<br \/><\/strong><strong style=\"font-size: 16px;\">Blaue Pfosten oder wei\u00dfe Markierungen Boden in Ausbesserung (Regel 2.4)<\/strong><\/p><p><strong>2.Hemmnisse<br \/><\/strong>Steine im Bunker gelten als bewegliche Hemmnisse und d\u00fcrfen straflos entfernt werden.<br \/>Unbewegliche Hemmnisse (Regel 12.2a):<\/p><ul><li>Stra\u00dfen, Wege und Br\u00fccken mit k\u00fcnstlich angelegter Oberfl\u00e4che<\/li><li>Alle auf dem Platz vorhandenen H\u00fctten (Spielbahnen 4,6,7,10 und 14)<\/li><li>Anpflanzungen, die durch Pfosten gekennzeichnet sind. Es muss Erleichterung in Anspruch genommen werden (Regel 16.1)<\/li><\/ul><p><strong>3.Boden in Ausbesserung (Regel 2.4.)<br \/><\/strong>mit blauen Pfosten gekennzeichnet oder eine mit wei\u00dfen Linien markierte Fl\u00e4che. Wenn eine Dropzone vorhanden ist, darf aus Boden in Ausbesserung nicht gespielt werden.<\/p><p><strong>4.Leitungsdraht (Regel 11)<br \/><\/strong>Wird ein Leitungsmast oder eine Leitung getroffen, muss der Schlag straflos wiederholt werden.<\/p><p><strong>5.Dropzone neben Gr\u00fcn Bahn 10<br \/><\/strong>Die Dropzone darf NUR benutzt werden, wenn der Ball auf dem Weg zur Ruhe kommt.<\/p><p><strong>6.Strafe f\u00fcr Versto\u00dfe gegen eine Platzregel<br \/><\/strong>Lochspiel \u2013 Lochverlust<br \/>Z\u00e4hlspiel \u2013 2 Schl\u00e4ge<\/p><p><strong>7.Das Betreten der Biotope<\/strong> wird mit sofortigem Platzverweis geahndet. Clubmitglieder werden mit einer Geldstrafe von \u20ac 250,- belegt.<\/p><p><strong>Erg\u00e4nzende Platzregeln sind am Informationsbrett angeschlagen.<\/strong><\/p>\t\t\t\t\t\t\t\t<\/div>\n\t\t\t\t<\/div>\n\t\t\t\t\t<\/div>\n\t\t<\/div>\n\t\t\t\t\t<\/div>\n\t\t<\/section>\n\t\t\t\t<\/div>","protected":false},"excerpt":{"rendered":"<p>Platzregeln 1.Wei\u00dfe Pfosten AUS (Regel 2.1.)Rote Pfosten mit gr\u00fcnem Top Biotop (Regel 2.4) seitliche WasserhindernisseGelbe Pfosten frontale Wasserhindernisse (Regel 2.2)Blaue Pfosten oder wei\u00dfe Markierungen Boden in Ausbesserung (Regel 2.4) 2.HemmnisseSteine im Bunker gelten als bewegliche Hemmnisse und d\u00fcrfen straflos entfernt werden.Unbewegliche Hemmnisse (Regel 12.2a): Stra\u00dfen, Wege und Br\u00fccken mit k\u00fcnstlich angelegter Oberfl\u00e4che Alle auf dem [&hellip;]<\/p>\n","protected":false},"author":2,"featured_media":0,"parent":744,"menu_order":0,"comment_status":"closed","ping_status":"closed","template":"","meta":{"site-sidebar-layout":"no-sidebar","site-content-layout":"page-builder","ast-site-content-layout":"default","site-content-style":"default","site-sidebar-style":"default","ast-global-header-display":"","ast-banner-title-visibility":"","ast-main-header-display":"","ast-hfb-above-header-display":"","ast-hfb-below-header-display":"","ast-hfb-mobile-header-display":"","site-post-title":"disabled","ast-breadcrumbs-content":"","ast-featured-img":"disabled","footer-sml-layout":"","ast-disable-related-posts":"","theme-transparent-header-meta":"enabled","adv-header-id-meta":"","stick-header-meta":"","header-above-stick-meta":"","header-main-stick-meta":"","header-below-stick-meta":"","astra-migrate-meta-layouts":"default","ast-page-background-enabled":"default","ast-page-background-meta":{"desktop":{"background-color":"","background-image":"","background-repeat":"repeat","background-position":"center center","background-size":"auto","background-attachment":"scroll","background-type":"","background-media":"","overlay-type":"","overlay-color":"","overlay-opacity":"","overlay-gradient":""},"tablet":{"background-color":"","background-image":"","background-repeat":"repeat","background-position":"center center","background-size":"auto","background-attachment":"scroll","background-type":"","background-media":"","overlay-type":"","overlay-color":"","overlay-opacity":"","overlay-gradient":""},"mobile":{"background-color":"","background-image":"","background-repeat":"repeat","background-position":"center center","background-size":"auto","background-attachment":"scroll","background-type":"","background-media":"","overlay-type":"","overlay-color":"","overlay-opacity":"","overlay-gradient":""}},"ast-content-background-meta":{"desktop":{"background-color":"var(--ast-global-color-5)","background-image":"","background-repeat":"repeat","background-position":"center center","background-size":"auto","background-attachment":"scroll","background-type":"","background-media":"","overlay-type":"","overlay-color":"","overlay-opacity":"","overlay-gradient":""},"tablet":{"background-color":"var(--ast-global-color-5)","background-image":"","background-repeat":"repeat","background-position":"center center","background-size":"auto","background-attachment":"scroll","background-type":"","background-media":"","overlay-type":"","overlay-color":"","overlay-opacity":"","overlay-gradient":""},"mobile":{"background-color":"var(--ast-global-color-5)","background-image":"","background-repeat":"repeat","background-position":"center center","background-size":"auto","background-attachment":"scroll","background-type":"","background-media":"","overlay-type":"","overlay-color":"","overlay-opacity":"","overlay-gradient":""}},"footnotes":""},"class_list":["post-2601","page","type-page","status-publish","hentry"],"_links":{"self":[{"href":"https:\/\/golf-oberstaufen.de\/en\/wp-json\/wp\/v2\/pages\/2601","targetHints":{"allow":["GET"]}}],"collection":[{"href":"https:\/\/golf-oberstaufen.de\/en\/wp-json\/wp\/v2\/pages"}],"about":[{"href":"https:\/\/golf-oberstaufen.de\/en\/wp-json\/wp\/v2\/types\/page"}],"author":[{"embeddable":true,"href":"https:\/\/golf-oberstaufen.de\/en\/wp-json\/wp\/v2\/users\/2"}],"replies":[{"embeddable":true,"href":"https:\/\/golf-oberstaufen.de\/en\/wp-json\/wp\/v2\/comments?post=2601"}],"version-history":[{"count":0,"href":"https:\/\/golf-oberstaufen.de\/en\/wp-json\/wp\/v2\/pages\/2601\/revisions"}],"up":[{"embeddable":true,"href":"https:\/\/golf-oberstaufen.de\/en\/wp-json\/wp\/v2\/pages\/744"}],"wp:attachment":[{"href":"https:\/\/golf-oberstaufen.de\/en\/wp-json\/wp\/v2\/media?parent=2601"}],"curies":[{"name":"wp","href":"https:\/\/api.w.org\/{rel}","templated":true}]}}