{"id":2615,"date":"2022-10-19T13:55:21","date_gmt":"2022-10-19T11:55:21","guid":{"rendered":"http:\/\/golfclub.sommerrodeln.eu\/?page_id=2615"},"modified":"2026-03-27T17:56:36","modified_gmt":"2026-03-27T16:56:36","slug":"abteilungen","status":"publish","type":"page","link":"https:\/\/golf-oberstaufen.de\/en\/home-2\/golfclub\/abteilungen\/","title":{"rendered":"Abteilungen"},"content":{"rendered":"<div data-elementor-type=\"wp-page\" data-elementor-id=\"2615\" class=\"elementor elementor-2615\" data-elementor-post-type=\"page\">\n\t\t\t\t\t\t<section class=\"elementor-section elementor-top-section elementor-element elementor-element-67c3f15e elementor-section-height-min-height elementor-section-boxed elementor-section-height-default elementor-section-items-middle\" data-id=\"67c3f15e\" data-element_type=\"section\" data-e-type=\"section\" data-settings=\"{&quot;background_background&quot;:&quot;classic&quot;}\">\n\t\t\t\t\t\t\t<div class=\"elementor-background-overlay\"><\/div>\n\t\t\t\t\t\t\t<div class=\"elementor-container elementor-column-gap-default\">\n\t\t\t\t\t<div class=\"elementor-column elementor-col-100 elementor-top-column elementor-element elementor-element-6536090b\" data-id=\"6536090b\" data-element_type=\"column\" data-e-type=\"column\">\n\t\t\t<div class=\"elementor-widget-wrap elementor-element-populated\">\n\t\t\t\t\t\t\t<\/div>\n\t\t<\/div>\n\t\t\t\t\t<\/div>\n\t\t<\/section>\n\t\t\t\t<section class=\"elementor-section elementor-top-section elementor-element elementor-element-2cfc50da elementor-section-boxed elementor-section-height-default elementor-section-height-default\" data-id=\"2cfc50da\" data-element_type=\"section\" data-e-type=\"section\">\n\t\t\t\t\t\t<div class=\"elementor-container elementor-column-gap-default\">\n\t\t\t\t\t<div class=\"elementor-column elementor-col-100 elementor-top-column elementor-element elementor-element-39c3c604\" data-id=\"39c3c604\" data-element_type=\"column\" data-e-type=\"column\">\n\t\t\t<div class=\"elementor-widget-wrap elementor-element-populated\">\n\t\t\t\t\t\t<div class=\"elementor-element elementor-element-4fedab02 elementor-widget elementor-widget-heading\" data-id=\"4fedab02\" data-element_type=\"widget\" data-e-type=\"widget\" data-widget_type=\"heading.default\">\n\t\t\t\t<div class=\"elementor-widget-container\">\n\t\t\t\t\t<h2 class=\"elementor-heading-title elementor-size-default\">Abteilungen<\/h2>\t\t\t\t<\/div>\n\t\t\t\t<\/div>\n\t\t\t\t<div class=\"elementor-element elementor-element-5ee6e67c elementor-widget-divider--view-line elementor-widget elementor-widget-divider\" data-id=\"5ee6e67c\" data-element_type=\"widget\" data-e-type=\"widget\" data-widget_type=\"divider.default\">\n\t\t\t\t<div class=\"elementor-widget-container\">\n\t\t\t\t\t\t\t<div class=\"elementor-divider\">\n\t\t\t<span class=\"elementor-divider-separator\">\n\t\t\t\t\t\t<\/span>\n\t\t<\/div>\n\t\t\t\t\t\t<\/div>\n\t\t\t\t<\/div>\n\t\t\t\t\t<\/div>\n\t\t<\/div>\n\t\t\t\t\t<\/div>\n\t\t<\/section>\n\t\t\t\t<section class=\"elementor-section elementor-top-section elementor-element elementor-element-177217bc elementor-section-boxed elementor-section-height-default elementor-section-height-default\" data-id=\"177217bc\" data-element_type=\"section\" data-e-type=\"section\">\n\t\t\t\t\t\t<div class=\"elementor-container elementor-column-gap-default\">\n\t\t\t\t\t<div class=\"elementor-column elementor-col-100 elementor-top-column elementor-element elementor-element-4d2465a1\" data-id=\"4d2465a1\" data-element_type=\"column\" data-e-type=\"column\">\n\t\t\t<div class=\"elementor-widget-wrap elementor-element-populated\">\n\t\t\t\t\t\t<div class=\"elementor-element elementor-element-1a4e564c elementor-widget elementor-widget-image\" data-id=\"1a4e564c\" data-element_type=\"widget\" data-e-type=\"widget\" data-widget_type=\"image.default\">\n\t\t\t\t<div class=\"elementor-widget-container\">\n\t\t\t\t\t\t\t\t\t\t\t\t\t\t\t<img fetchpriority=\"high\" decoding=\"async\" width=\"247\" height=\"300\" src=\"https:\/\/golf-oberstaufen.de\/wp-content\/uploads\/2024\/05\/Angelik-Angele-247x300.png\" class=\"attachment-medium size-medium wp-image-5446\" alt=\"\" srcset=\"https:\/\/golf-oberstaufen.de\/wp-content\/uploads\/2024\/05\/Angelik-Angele-247x300.png 247w, https:\/\/golf-oberstaufen.de\/wp-content\/uploads\/2024\/05\/Angelik-Angele-10x12.png 10w, https:\/\/golf-oberstaufen.de\/wp-content\/uploads\/2024\/05\/Angelik-Angele.png 497w\" sizes=\"(max-width: 247px) 100vw, 247px\" \/>\t\t\t\t\t\t\t\t\t\t\t\t\t\t\t<\/div>\n\t\t\t\t<\/div>\n\t\t\t\t<div class=\"elementor-element elementor-element-6f4c578c elementor-widget elementor-widget-text-editor\" data-id=\"6f4c578c\" data-element_type=\"widget\" data-e-type=\"widget\" data-widget_type=\"text-editor.default\">\n\t\t\t\t<div class=\"elementor-widget-container\">\n\t\t\t\t\t\t\t\t\t<h3>Ladies<\/h3><p>Treffpunkt der Ladies ist immer 2 x im Monat, Mittwoch nachmittags! Die Termine gibt Ladies Captain Angelika Angele beim \u201eFr\u00fchlingsgeschnatter\u201c bekannt.<\/p><p>Freundschaftsspiele mit den umliegenden Clubs werden ebenso veranstaltet wie ein mehrt\u00e4giger Ausflug. Damit die Ladies sich w\u00e4hrend der langen Winterpause nicht entfremden, besuchen sie Weihnachtsm\u00e4rkte, unternehmen Winterwanderungen, oder kegeln was das Zeug h\u00e4lt. Die Ladies freuen sich \u00fcber jede Dame, die unsere kleine Runde bereichert.<\/p>\t\t\t\t\t\t\t\t<\/div>\n\t\t\t\t<\/div>\n\t\t\t\t\t<\/div>\n\t\t<\/div>\n\t\t\t\t\t<\/div>\n\t\t<\/section>\n\t\t\t\t<section class=\"elementor-section elementor-top-section elementor-element elementor-element-66ae6ebc elementor-section-boxed elementor-section-height-default elementor-section-height-default\" data-id=\"66ae6ebc\" data-element_type=\"section\" data-e-type=\"section\">\n\t\t\t\t\t\t<div class=\"elementor-container elementor-column-gap-default\">\n\t\t\t\t\t<div class=\"elementor-column elementor-col-100 elementor-top-column elementor-element elementor-element-122b2cde\" data-id=\"122b2cde\" data-element_type=\"column\" data-e-type=\"column\">\n\t\t\t<div class=\"elementor-widget-wrap elementor-element-populated\">\n\t\t\t\t\t\t<div class=\"elementor-element elementor-element-6b9cfd6f elementor-widget elementor-widget-image\" data-id=\"6b9cfd6f\" data-element_type=\"widget\" data-e-type=\"widget\" data-widget_type=\"image.default\">\n\t\t\t\t<div class=\"elementor-widget-container\">\n\t\t\t\t\t\t\t\t\t\t\t\t\t\t\t<img decoding=\"async\" width=\"247\" height=\"300\" src=\"https:\/\/golf-oberstaufen.de\/wp-content\/uploads\/2024\/06\/Martin-Schaedler-Mens-Captain-247x300.png\" class=\"attachment-medium size-medium wp-image-5592\" alt=\"\" srcset=\"https:\/\/golf-oberstaufen.de\/wp-content\/uploads\/2024\/06\/Martin-Schaedler-Mens-Captain-247x300.png 247w, https:\/\/golf-oberstaufen.de\/wp-content\/uploads\/2024\/06\/Martin-Schaedler-Mens-Captain-10x12.png 10w, https:\/\/golf-oberstaufen.de\/wp-content\/uploads\/2024\/06\/Martin-Schaedler-Mens-Captain.png 497w\" sizes=\"(max-width: 247px) 100vw, 247px\" \/>\t\t\t\t\t\t\t\t\t\t\t\t\t\t\t<\/div>\n\t\t\t\t<\/div>\n\t\t\t\t<div class=\"elementor-element elementor-element-2270abbd elementor-widget elementor-widget-text-editor\" data-id=\"2270abbd\" data-element_type=\"widget\" data-e-type=\"widget\" data-widget_type=\"text-editor.default\">\n\t\t\t\t<div class=\"elementor-widget-container\">\n\t\t\t\t\t\t\t\t\t<h3><strong>Herren<\/strong><\/h3><p><strong>Golf ist gesund, h\u00e4lt fit und verbessert die Koordination und Konzentration! <\/strong>Doch auch das gesellige Miteinander im Golfclub Oberstaufen-Steibis hat einen hohen Stellenwert.<\/p><p>Die regelm\u00e4\u00dfigen Monatsteller sind fester Bestandteil des Clublebens.<\/p><p>Bis HCP 18,4 wird im Z\u00e4hlspielmodus gespielt, dar\u00fcber im Stableford System, mit separater Wertung f\u00fcr den jeweiligen Turniertag. Die besten 4 Ergebnisse kommen dann in die Jahreswertung. Alle Turniere sind vorgabenwirksam.<\/p><p>Bei den anschlie\u00dfenden Siegerehrungen sitzen die Herren gerne noch zusammen und tauschen sich \u00fcber die gespielte Runde mit ihren Eigenheiten aus. Auch Fragen \u00fcber Regeln und Wertungen finden meist eine Antwort.<\/p><p>Das Matchplay Turnier, das sich \u00fcber die gesamte Saison erstreckt, hat sich bew\u00e4hrt und kann f\u00fcr regelm\u00e4\u00dfige Golfer eine nette Abwechslung bieten. Es wird mit einer \u00be Vorgabe mit max. 9 Schl\u00e4gen vor gespielt. Das Spiel Mann gegen Mann hat seine eigenen Gesetze.<\/p><p><strong>Teilnahmeberechtigung<br \/><\/strong>Herren, die Spa\u00df am generationen\u00fcbergreifenden, sportlich-kameradschaftlichen Wettkampf haben, sind herzlich eingeladen. G\u00e4ste sind selbstverst\u00e4ndlich willkommen. Die Jahreswertung ist den Clubmitgliedern vorbehalten.<\/p><p><strong>Anmeldung<br \/><\/strong>\u00dcber die Meldeliste am Schwarzen Brett, telefonisch oder per E-Mail ans Sekretariat oder den Captain Martin Sch\u00e4dler.<\/p>\t\t\t\t\t\t\t\t<\/div>\n\t\t\t\t<\/div>\n\t\t\t\t\t<\/div>\n\t\t<\/div>\n\t\t\t\t\t<\/div>\n\t\t<\/section>\n\t\t\t\t<section class=\"elementor-section elementor-top-section elementor-element elementor-element-4c91740d elementor-section-boxed elementor-section-height-default elementor-section-height-default\" data-id=\"4c91740d\" data-element_type=\"section\" data-e-type=\"section\">\n\t\t\t\t\t\t<div class=\"elementor-container elementor-column-gap-default\">\n\t\t\t\t\t<div class=\"elementor-column elementor-col-100 elementor-top-column elementor-element elementor-element-5e5ec4e3\" data-id=\"5e5ec4e3\" data-element_type=\"column\" data-e-type=\"column\">\n\t\t\t<div class=\"elementor-widget-wrap elementor-element-populated\">\n\t\t\t\t\t\t<div class=\"elementor-element elementor-element-5b18eb25 elementor-widget elementor-widget-text-editor\" data-id=\"5b18eb25\" data-element_type=\"widget\" data-e-type=\"widget\" data-widget_type=\"text-editor.default\">\n\t\t\t\t<div class=\"elementor-widget-container\">\n\t\t\t\t\t\t\t\t\t<h3><strong>Senioren<\/strong><\/h3>\n<p>Die Steibinger Seniorengolfer &#8211; Damen und Herren jenseits der 55 &#8211; treffen sich von Saisonbeginn im April bis zum Saisonende im November jeden Donnerstag um 14.00 Uhr auf der Anlage in Steibis.&nbsp;<br>Willkommen sind Mitglieder wie G\u00e4ste, die zwanglos in unserer offenen Gemeinschaft Golf spielen wollen. Der Spa\u00df steht dabei im Vordergrund, nicht das Handicap.&nbsp;<br>Grunds\u00e4tzlich wird nicht vorgabewirksam \u00fcber 9 L\u00f6cher gespielt und anschlie\u00dfend im Club-Restaurant zusammen gegessen. Eine Voranmeldung zu den &#8222;Golftreffs&#8220; ist nicht notwendig. Einfach kommen und mitspielen.<br>Einmal pro Monat spielen wir Runden \u00fcber 18 L\u00f6cher. Die Termine der &#8222;Monatsteller&#8220; sind im Turnier-Kalender des Clubs ver\u00f6ffentlicht. F\u00fcr diese Runden sind allerdings Anmeldungen notwendig, da die gespielten Ergebnisse f\u00fcr eine Jahreswertung (3 aus 6) herangezogen werden. Auch f\u00fcr diese Runden gibt es keine vorher festgelegten Startlisten, denn die Flights werden an Tee 1 ausgelost und sie werden grunds\u00e4tzlich nicht vorgabewirksam gespielt. Wer dies doch m\u00f6chte, gibt dies bei Abholung der Scorekarte einfach an.&nbsp;<br>Wer Interesse am Golfen in unserer Gruppe hat, meldet sich einfach im Sekretariat des Golfclub Oberstaufen-Steibis oder schreibt ein E-Mail an: info@golf-oberstaufen.de<br>Doch der einfachste Weg zu uns f\u00fchrt jeden Donnerstag an Tee 1 zum Kennenlernen und Mitspielen. Auf viele gemeinsame Golferlebnisse freut sich, Ihr Matthias Berz.<\/p>\t\t\t\t\t\t\t\t<\/div>\n\t\t\t\t<\/div>\n\t\t\t\t\t<\/div>\n\t\t<\/div>\n\t\t\t\t\t<\/div>\n\t\t<\/section>\n\t\t\t\t<section class=\"elementor-section elementor-top-section elementor-element elementor-element-49f0aadc elementor-section-boxed elementor-section-height-default elementor-section-height-default\" data-id=\"49f0aadc\" data-element_type=\"section\" data-e-type=\"section\">\n\t\t\t\t\t\t<div class=\"elementor-container elementor-column-gap-default\">\n\t\t\t\t\t<div class=\"elementor-column elementor-col-100 elementor-top-column elementor-element elementor-element-7a511312\" data-id=\"7a511312\" data-element_type=\"column\" data-e-type=\"column\">\n\t\t\t<div class=\"elementor-widget-wrap elementor-element-populated\">\n\t\t\t\t\t\t<div class=\"elementor-element elementor-element-206dfdbb elementor-widget elementor-widget-image\" data-id=\"206dfdbb\" data-element_type=\"widget\" data-e-type=\"widget\" data-widget_type=\"image.default\">\n\t\t\t\t<div class=\"elementor-widget-container\">\n\t\t\t\t\t\t\t\t\t\t\t\t\t\t\t<img decoding=\"async\" width=\"247\" height=\"300\" src=\"https:\/\/golf-oberstaufen.de\/wp-content\/uploads\/2023\/08\/Moritz-Emerich-Foto-247x300.jpg\" class=\"attachment-medium size-medium wp-image-4509\" alt=\"\" srcset=\"https:\/\/golf-oberstaufen.de\/wp-content\/uploads\/2023\/08\/Moritz-Emerich-Foto-247x300.jpg 247w, https:\/\/golf-oberstaufen.de\/wp-content\/uploads\/2023\/08\/Moritz-Emerich-Foto.jpg 497w\" sizes=\"(max-width: 247px) 100vw, 247px\" \/>\t\t\t\t\t\t\t\t\t\t\t\t\t\t\t<\/div>\n\t\t\t\t<\/div>\n\t\t\t\t<div class=\"elementor-element elementor-element-17a36fba elementor-widget elementor-widget-text-editor\" data-id=\"17a36fba\" data-element_type=\"widget\" data-e-type=\"widget\" data-widget_type=\"text-editor.default\">\n\t\t\t\t<div class=\"elementor-widget-container\">\n\t\t\t\t\t\t\t\t\t<h3><strong>Jugend<\/strong><\/h3><p>Jeder Golfclub braucht Nachwuchs und f\u00f6rdert deshalb die Jugend. Leider ist unsere Jugendabteilung zur Zeit auf wenige Kinder beschr\u00e4nkt. Diese werden von der Golfschule betreut und erhalten jeden Donnerstag ein spezielles Jugendtraining, das der Golfclub unentgeltlich durchf\u00fchren l\u00e4sst. Das Training findet jeden Donnerstag von 17.00-18.00 Uhr statt. Diese Zeit sollte von vielen Kindern wahrgenommen werden. Es sind noch Kapazit\u00e4ten frei. Bei Interesse bitte an das Sekretariat des Golfclubs wenden.<\/p>\t\t\t\t\t\t\t\t<\/div>\n\t\t\t\t<\/div>\n\t\t\t\t\t<\/div>\n\t\t<\/div>\n\t\t\t\t\t<\/div>\n\t\t<\/section>\n\t\t\t\t<\/div>","protected":false},"excerpt":{"rendered":"<p>Abteilungen Ladies Treffpunkt der Ladies ist immer 2 x im Monat, Mittwoch nachmittags! Die Termine gibt Ladies Captain Angelika Angele beim \u201eFr\u00fchlingsgeschnatter\u201c bekannt. Freundschaftsspiele mit den umliegenden Clubs werden ebenso veranstaltet wie ein mehrt\u00e4giger Ausflug. Damit die Ladies sich w\u00e4hrend der langen Winterpause nicht entfremden, besuchen sie Weihnachtsm\u00e4rkte, unternehmen Winterwanderungen, oder kegeln was das Zeug [&hellip;]<\/p>\n","protected":false},"author":2,"featured_media":0,"parent":1564,"menu_order":0,"comment_status":"closed","ping_status":"closed","template":"","meta":{"site-sidebar-layout":"no-sidebar","site-content-layout":"page-builder","ast-site-content-layout":"default","site-content-style":"default","site-sidebar-style":"default","ast-global-header-display":"","ast-banner-title-visibility":"","ast-main-header-display":"","ast-hfb-above-header-display":"","ast-hfb-below-header-display":"","ast-hfb-mobile-header-display":"","site-post-title":"disabled","ast-breadcrumbs-content":"","ast-featured-img":"disabled","footer-sml-layout":"","ast-disable-related-posts":"","theme-transparent-header-meta":"enabled","adv-header-id-meta":"","stick-header-meta":"","header-above-stick-meta":"","header-main-stick-meta":"","header-below-stick-meta":"","astra-migrate-meta-layouts":"default","ast-page-background-enabled":"default","ast-page-background-meta":{"desktop":{"background-color":"","background-image":"","background-repeat":"repeat","background-position":"center center","background-size":"auto","background-attachment":"scroll","background-type":"","background-media":"","overlay-type":"","overlay-color":"","overlay-opacity":"","overlay-gradient":""},"tablet":{"background-color":"","background-image":"","background-repeat":"repeat","background-position":"center center","background-size":"auto","background-attachment":"scroll","background-type":"","background-media":"","overlay-type":"","overlay-color":"","overlay-opacity":"","overlay-gradient":""},"mobile":{"background-color":"","background-image":"","background-repeat":"repeat","background-position":"center center","background-size":"auto","background-attachment":"scroll","background-type":"","background-media":"","overlay-type":"","overlay-color":"","overlay-opacity":"","overlay-gradient":""}},"ast-content-background-meta":{"desktop":{"background-color":"var(--ast-global-color-5)","background-image":"","background-repeat":"repeat","background-position":"center center","background-size":"auto","background-attachment":"scroll","background-type":"","background-media":"","overlay-type":"","overlay-color":"","overlay-opacity":"","overlay-gradient":""},"tablet":{"background-color":"var(--ast-global-color-5)","background-image":"","background-repeat":"repeat","background-position":"center center","background-size":"auto","background-attachment":"scroll","background-type":"","background-media":"","overlay-type":"","overlay-color":"","overlay-opacity":"","overlay-gradient":""},"mobile":{"background-color":"var(--ast-global-color-5)","background-image":"","background-repeat":"repeat","background-position":"center center","background-size":"auto","background-attachment":"scroll","background-type":"","background-media":"","overlay-type":"","overlay-color":"","overlay-opacity":"","overlay-gradient":""}},"footnotes":""},"class_list":["post-2615","page","type-page","status-publish","hentry"],"_links":{"self":[{"href":"https:\/\/golf-oberstaufen.de\/en\/wp-json\/wp\/v2\/pages\/2615","targetHints":{"allow":["GET"]}}],"collection":[{"href":"https:\/\/golf-oberstaufen.de\/en\/wp-json\/wp\/v2\/pages"}],"about":[{"href":"https:\/\/golf-oberstaufen.de\/en\/wp-json\/wp\/v2\/types\/page"}],"author":[{"embeddable":true,"href":"https:\/\/golf-oberstaufen.de\/en\/wp-json\/wp\/v2\/users\/2"}],"replies":[{"embeddable":true,"href":"https:\/\/golf-oberstaufen.de\/en\/wp-json\/wp\/v2\/comments?post=2615"}],"version-history":[{"count":42,"href":"https:\/\/golf-oberstaufen.de\/en\/wp-json\/wp\/v2\/pages\/2615\/revisions"}],"predecessor-version":[{"id":7023,"href":"https:\/\/golf-oberstaufen.de\/en\/wp-json\/wp\/v2\/pages\/2615\/revisions\/7023"}],"up":[{"embeddable":true,"href":"https:\/\/golf-oberstaufen.de\/en\/wp-json\/wp\/v2\/pages\/1564"}],"wp:attachment":[{"href":"https:\/\/golf-oberstaufen.de\/en\/wp-json\/wp\/v2\/media?parent=2615"}],"curies":[{"name":"wp","href":"https:\/\/api.w.org\/{rel}","templated":true}]}}