{"id":2617,"date":"2022-10-19T13:56:31","date_gmt":"2022-10-19T11:56:31","guid":{"rendered":"http:\/\/golfclub.sommerrodeln.eu\/?page_id=2617"},"modified":"2023-04-11T16:27:04","modified_gmt":"2023-04-11T14:27:04","slug":"mitglied-werden","status":"publish","type":"page","link":"https:\/\/golf-oberstaufen.de\/en\/home-2\/golfclub\/mitglied-werden\/","title":{"rendered":"Mitglied werden"},"content":{"rendered":"<div data-elementor-type=\"wp-page\" data-elementor-id=\"2617\" class=\"elementor elementor-2617\" data-elementor-post-type=\"page\">\n\t\t\t\t\t\t<section class=\"elementor-section elementor-top-section elementor-element elementor-element-47142b6b elementor-section-height-min-height elementor-section-boxed elementor-section-height-default elementor-section-items-middle\" data-id=\"47142b6b\" data-element_type=\"section\" data-e-type=\"section\" data-settings=\"{&quot;background_background&quot;:&quot;classic&quot;}\">\n\t\t\t\t\t\t\t<div class=\"elementor-background-overlay\"><\/div>\n\t\t\t\t\t\t\t<div class=\"elementor-container elementor-column-gap-default\">\n\t\t\t\t\t<div class=\"elementor-column elementor-col-100 elementor-top-column elementor-element elementor-element-62a2cc58\" data-id=\"62a2cc58\" data-element_type=\"column\" data-e-type=\"column\">\n\t\t\t<div class=\"elementor-widget-wrap\">\n\t\t\t\t\t\t\t<\/div>\n\t\t<\/div>\n\t\t\t\t\t<\/div>\n\t\t<\/section>\n\t\t\t\t<section class=\"elementor-section elementor-top-section elementor-element elementor-element-8b8c058 elementor-section-boxed elementor-section-height-default elementor-section-height-default\" data-id=\"8b8c058\" data-element_type=\"section\" data-e-type=\"section\" data-settings=\"{&quot;background_background&quot;:&quot;classic&quot;}\">\n\t\t\t\t\t\t<div class=\"elementor-container elementor-column-gap-default\">\n\t\t\t\t\t<div class=\"elementor-column elementor-col-100 elementor-top-column elementor-element elementor-element-406902ed\" data-id=\"406902ed\" data-element_type=\"column\" data-e-type=\"column\">\n\t\t\t<div class=\"elementor-widget-wrap elementor-element-populated\">\n\t\t\t\t\t\t<div class=\"elementor-element elementor-element-1b031d92 elementor-widget elementor-widget-heading\" data-id=\"1b031d92\" data-element_type=\"widget\" data-e-type=\"widget\" data-widget_type=\"heading.default\">\n\t\t\t\t<div class=\"elementor-widget-container\">\n\t\t\t\t\t<h2 class=\"elementor-heading-title elementor-size-default\">Mitglied werden<\/h2>\t\t\t\t<\/div>\n\t\t\t\t<\/div>\n\t\t\t\t<div class=\"elementor-element elementor-element-5a47fd92 elementor-widget-divider--view-line elementor-widget elementor-widget-divider\" data-id=\"5a47fd92\" data-element_type=\"widget\" data-e-type=\"widget\" data-widget_type=\"divider.default\">\n\t\t\t\t<div class=\"elementor-widget-container\">\n\t\t\t\t\t\t\t<div class=\"elementor-divider\">\n\t\t\t<span class=\"elementor-divider-separator\">\n\t\t\t\t\t\t<\/span>\n\t\t<\/div>\n\t\t\t\t\t\t<\/div>\n\t\t\t\t<\/div>\n\t\t\t\t\t<\/div>\n\t\t<\/div>\n\t\t\t\t\t<\/div>\n\t\t<\/section>\n\t\t\t\t<section class=\"elementor-section elementor-top-section elementor-element elementor-element-523830d elementor-section-boxed elementor-section-height-default elementor-section-height-default\" data-id=\"523830d\" data-element_type=\"section\" data-e-type=\"section\">\n\t\t\t\t\t\t<div class=\"elementor-container elementor-column-gap-default\">\n\t\t\t\t\t<div class=\"elementor-column elementor-col-100 elementor-top-column elementor-element elementor-element-34d7f5b\" data-id=\"34d7f5b\" data-element_type=\"column\" data-e-type=\"column\">\n\t\t\t<div class=\"elementor-widget-wrap elementor-element-populated\">\n\t\t\t\t\t\t<div class=\"elementor-element elementor-element-dd309c1 elementor-widget elementor-widget-elementskit-tablepress\" data-id=\"dd309c1\" data-element_type=\"widget\" data-e-type=\"widget\" data-widget_type=\"elementskit-tablepress.default\">\n\t\t\t\t<div class=\"elementor-widget-container\">\n\t\t\t\t\t<div class=\"elemenetskit-tablepress ekit-wid-con\" id=\"ekit_tablepress_dd309c1\">\n<table id=\"tablepress-5\" class=\"tablepress tablepress-id-5\">\n<thead>\n<tr class=\"row-1\">\n\t<th class=\"column-1\">Clubbeitr\u00e4ge 2026<\/th><th class=\"column-2\">Jahresbeitrag Einzel<\/th><th class=\"column-3\">Jahresbeitrag Ehepaar<\/th>\n<\/tr>\n<\/thead>\n<tbody class=\"row-striping row-hover\">\n<tr class=\"row-2\">\n\t<td class=\"column-1\">Vollmitgliedschaft<\/td><td class=\"column-2\">1.408 \u20ac<\/td><td class=\"column-3\">2.420 \u20ac<\/td>\n<\/tr>\n<tr class=\"row-3\">\n\t<td class=\"column-1\">Fermitgliedschaft <br> ohne Erst- oder Zweitwohnung im Umkreis \u00fcber 200 km<\/td><td class=\"column-2\">704 \u20ac<\/td><td class=\"column-3\">1.293 \u20ac<\/td>\n<\/tr>\n<tr class=\"row-4\">\n\t<td class=\"column-1\">Fernmitgliedschaft (Sonderstatus) <br> mit Erst- oder Zweitwohnung im Umkreis 100-200 km<\/td><td class=\"column-2\">1.059 \u20ac<\/td><td class=\"column-3\">1.946 \u20ac<\/td>\n<\/tr>\n<tr class=\"row-5\">\n\t<td class=\"column-1\">Schnuppermitgliedschaft <br> einmalig g\u00fcltig f\u00fcr 1 Jahr<\/td><td class=\"column-2\">995 \u20ac<\/td><td class=\"column-3\">1.990 \u20ac<\/td>\n<\/tr>\n<tr class=\"row-6\">\n\t<td class=\"column-1\">Zweitmitgliedschaft <br> ohne Erst- oder Zweitwohnung, bzw. Ferienwohnung <br>  im Umkreis von 150 km<\/td><td class=\"column-2\">578 \u20ac<\/td><td class=\"column-3\">989 \u20ac<\/td>\n<\/tr>\n<tr class=\"row-7\">\n\t<td class=\"column-1\">Zweitmitgliedschaft (Sonderstatus) <br> mit Erst- oder Zweitwohnung, bzw. Ferienwohnung <br> im Umkreis von 150 km<\/td><td class=\"column-2\">967 \u20ac<\/td><td class=\"column-3\">1.625 \u20ac<\/td>\n<\/tr>\n<tr class=\"row-8\">\n\t<td class=\"column-1\">Zweitmitgliedschaft (Sonderstatus) <br> mit Heimatclub VCG, ASGI, ASG, Migros<\/td><td class=\"column-2\">1.045 \u20ac<\/td><td class=\"column-3\">1.870 \u20ac<\/td>\n<\/tr>\n<tr class=\"row-9\">\n\t<td class=\"column-1\">Passive Mitgliedschaft ohne DGV Ausweis<\/td><td class=\"column-2\">187 \u20ac<\/td><td class=\"column-3\">374 \u20ac<\/td>\n<\/tr>\n<tr class=\"row-10\">\n\t<td class=\"column-1\">U 30- Mitgliedschaft f\u00fcr Berufseinsteiger <br> Ratenzahlung \u00fcber 12 Monate m\u00f6glich<\/td><td class=\"column-2\">1. Jahr: 800 \u20ac <br> 2. Jahr: 1.050 \u20ac <br> 3. Jahr 1.408 \u20ac<\/td><td class=\"column-3\"><\/td>\n<\/tr>\n<\/tbody>\n<\/table>\n<\/div>\t\t\t\t<\/div>\n\t\t\t\t<\/div>\n\t\t\t\t\t<\/div>\n\t\t<\/div>\n\t\t\t\t\t<\/div>\n\t\t<\/section>\n\t\t\t\t<section class=\"elementor-section elementor-top-section elementor-element elementor-element-da4e0d6 elementor-section-boxed elementor-section-height-default elementor-section-height-default\" data-id=\"da4e0d6\" data-element_type=\"section\" data-e-type=\"section\">\n\t\t\t\t\t\t<div class=\"elementor-container elementor-column-gap-default\">\n\t\t\t\t\t<div class=\"elementor-column elementor-col-100 elementor-top-column elementor-element elementor-element-25ead6c\" data-id=\"25ead6c\" data-element_type=\"column\" data-e-type=\"column\">\n\t\t\t<div class=\"elementor-widget-wrap elementor-element-populated\">\n\t\t\t\t\t\t<div class=\"elementor-element elementor-element-46e7436 elementor-widget elementor-widget-elementskit-tablepress\" data-id=\"46e7436\" data-element_type=\"widget\" data-e-type=\"widget\" data-widget_type=\"elementskit-tablepress.default\">\n\t\t\t\t<div class=\"elementor-widget-container\">\n\t\t\t\t\t<div class=\"elemenetskit-tablepress ekit-wid-con\" id=\"ekit_tablepress_46e7436\">\n<table id=\"tablepress-6\" class=\"tablepress tablepress-id-6\">\n<thead>\n<tr class=\"row-1\">\n\t<th class=\"column-1\">Kinder - Jugendliche - Azubis - Studenten<\/th><th class=\"column-2\">Jahresbeitrag Einzel<\/th>\n<\/tr>\n<\/thead>\n<tbody class=\"row-striping row-hover\">\n<tr class=\"row-2\">\n\t<td class=\"column-1\">Kind bis 12 Jahre<\/td><td class=\"column-2\">95 \u20ac<\/td>\n<\/tr>\n<tr class=\"row-3\">\n\t<td class=\"column-1\">Jugend bis 18 Jahre<\/td><td class=\"column-2\">155 \u20ac<\/td>\n<\/tr>\n<tr class=\"row-4\">\n\t<td class=\"column-1\">Azubi`s und Studenten bis 28 Jahre<\/td><td class=\"column-2\">300 \u20ac<\/td>\n<\/tr>\n<\/tbody>\n<\/table>\n<\/div>\t\t\t\t<\/div>\n\t\t\t\t<\/div>\n\t\t\t\t\t<\/div>\n\t\t<\/div>\n\t\t\t\t\t<\/div>\n\t\t<\/section>\n\t\t\t\t<section class=\"elementor-section elementor-top-section elementor-element elementor-element-9086bfb elementor-section-boxed elementor-section-height-default elementor-section-height-default\" data-id=\"9086bfb\" data-element_type=\"section\" data-e-type=\"section\">\n\t\t\t\t\t\t<div class=\"elementor-container elementor-column-gap-default\">\n\t\t\t\t\t<div class=\"elementor-column elementor-col-100 elementor-top-column elementor-element elementor-element-7c57060\" data-id=\"7c57060\" data-element_type=\"column\" data-e-type=\"column\">\n\t\t\t<div class=\"elementor-widget-wrap elementor-element-populated\">\n\t\t\t\t\t\t<div class=\"elementor-element elementor-element-bf849ec elementor-widget elementor-widget-elementskit-tablepress\" data-id=\"bf849ec\" data-element_type=\"widget\" data-e-type=\"widget\" data-widget_type=\"elementskit-tablepress.default\">\n\t\t\t\t<div class=\"elementor-widget-container\">\n\t\t\t\t\t<div class=\"elemenetskit-tablepress ekit-wid-con\" id=\"ekit_tablepress_bf849ec\">\n<table id=\"tablepress-7\" class=\"tablepress tablepress-id-7\">\n<thead>\n<tr class=\"row-1\">\n\t<th class=\"column-1\">Abgaben &amp; Umlagen<\/th><th class=\"column-2\">Jahresbeitrag Einzel<\/th><th class=\"column-3\">Jahresbeitrag Ehepaar<\/th>\n<\/tr>\n<\/thead>\n<tbody class=\"row-striping row-hover\">\n<tr class=\"row-2\">\n\t<td class=\"column-1\">Verbandsabgaben DGV, BGV<\/td><td class=\"column-2\">39 \u20ac<\/td><td class=\"column-3\">78 \u20ac<\/td>\n<\/tr>\n<\/tbody>\n<\/table>\n<\/div>\t\t\t\t<\/div>\n\t\t\t\t<\/div>\n\t\t\t\t\t<\/div>\n\t\t<\/div>\n\t\t\t\t\t<\/div>\n\t\t<\/section>\n\t\t\t\t<\/div>","protected":false},"excerpt":{"rendered":"<p>Mitglied werden Bearbeiten Clubbeitr\u00e4ge 2023 Jahresbeitrag Einzel Jahresbeitrag Ehepaar Vollmitgliedschaft 1,280 \u20ac 2,200 \u20ac Fermitgliedschaft ohne Erst- oder Zweitwohnung im Umkreis \u00fcber 200 km 640 \u20ac 1,175 \u20ac Fernmitgliedschaft (Sonderstatus) mit Erst- oder Zweitwohnung im Umkreis 100-200 km 963 \u20ac 1,769 \u20ac Schnuppermitgliedschaft Einmalig g\u00fcltig f\u00fcr 1 Jahr (ohne DGV-Ausweis) 905 \u20ac 1,810 \u20ac Zweitmitgliedschaft [&hellip;]<\/p>\n","protected":false},"author":2,"featured_media":0,"parent":1564,"menu_order":0,"comment_status":"closed","ping_status":"closed","template":"","meta":{"site-sidebar-layout":"no-sidebar","site-content-layout":"page-builder","ast-site-content-layout":"default","site-content-style":"default","site-sidebar-style":"default","ast-global-header-display":"","ast-banner-title-visibility":"","ast-main-header-display":"","ast-hfb-above-header-display":"","ast-hfb-below-header-display":"","ast-hfb-mobile-header-display":"","site-post-title":"disabled","ast-breadcrumbs-content":"","ast-featured-img":"disabled","footer-sml-layout":"","ast-disable-related-posts":"","theme-transparent-header-meta":"enabled","adv-header-id-meta":"","stick-header-meta":"","header-above-stick-meta":"","header-main-stick-meta":"","header-below-stick-meta":"","astra-migrate-meta-layouts":"default","ast-page-background-enabled":"default","ast-page-background-meta":{"desktop":{"background-color":"","background-image":"","background-repeat":"repeat","background-position":"center center","background-size":"auto","background-attachment":"scroll","background-type":"","background-media":"","overlay-type":"","overlay-color":"","overlay-opacity":"","overlay-gradient":""},"tablet":{"background-color":"","background-image":"","background-repeat":"repeat","background-position":"center center","background-size":"auto","background-attachment":"scroll","background-type":"","background-media":"","overlay-type":"","overlay-color":"","overlay-opacity":"","overlay-gradient":""},"mobile":{"background-color":"","background-image":"","background-repeat":"repeat","background-position":"center center","background-size":"auto","background-attachment":"scroll","background-type":"","background-media":"","overlay-type":"","overlay-color":"","overlay-opacity":"","overlay-gradient":""}},"ast-content-background-meta":{"desktop":{"background-color":"var(--ast-global-color-5)","background-image":"","background-repeat":"repeat","background-position":"center center","background-size":"auto","background-attachment":"scroll","background-type":"","background-media":"","overlay-type":"","overlay-color":"","overlay-opacity":"","overlay-gradient":""},"tablet":{"background-color":"var(--ast-global-color-5)","background-image":"","background-repeat":"repeat","background-position":"center center","background-size":"auto","background-attachment":"scroll","background-type":"","background-media":"","overlay-type":"","overlay-color":"","overlay-opacity":"","overlay-gradient":""},"mobile":{"background-color":"var(--ast-global-color-5)","background-image":"","background-repeat":"repeat","background-position":"center center","background-size":"auto","background-attachment":"scroll","background-type":"","background-media":"","overlay-type":"","overlay-color":"","overlay-opacity":"","overlay-gradient":""}},"footnotes":""},"class_list":["post-2617","page","type-page","status-publish","hentry"],"_links":{"self":[{"href":"https:\/\/golf-oberstaufen.de\/en\/wp-json\/wp\/v2\/pages\/2617","targetHints":{"allow":["GET"]}}],"collection":[{"href":"https:\/\/golf-oberstaufen.de\/en\/wp-json\/wp\/v2\/pages"}],"about":[{"href":"https:\/\/golf-oberstaufen.de\/en\/wp-json\/wp\/v2\/types\/page"}],"author":[{"embeddable":true,"href":"https:\/\/golf-oberstaufen.de\/en\/wp-json\/wp\/v2\/users\/2"}],"replies":[{"embeddable":true,"href":"https:\/\/golf-oberstaufen.de\/en\/wp-json\/wp\/v2\/comments?post=2617"}],"version-history":[{"count":0,"href":"https:\/\/golf-oberstaufen.de\/en\/wp-json\/wp\/v2\/pages\/2617\/revisions"}],"up":[{"embeddable":true,"href":"https:\/\/golf-oberstaufen.de\/en\/wp-json\/wp\/v2\/pages\/1564"}],"wp:attachment":[{"href":"https:\/\/golf-oberstaufen.de\/en\/wp-json\/wp\/v2\/media?parent=2617"}],"curies":[{"name":"wp","href":"https:\/\/api.w.org\/{rel}","templated":true}]}}